{"id":69,"date":"2022-07-28T15:32:32","date_gmt":"2022-07-28T15:32:32","guid":{"rendered":"https:\/\/www.ampelparts.com\/?page_id=69"},"modified":"2023-02-10T23:02:48","modified_gmt":"2023-02-10T23:02:48","slug":"sobre-nos","status":"publish","type":"page","link":"https:\/\/www.ampelparts.com\/ar\/sobre-nos\/","title":{"rendered":"\u0639\u0646\u0651\u0627"},"content":{"rendered":"<div data-elementor-type=\"wp-page\" data-elementor-id=\"69\" class=\"elementor elementor-69\" data-elementor-post-type=\"page\">\n\t\t\t\t<div class=\"elementor-element elementor-element-3aaf05f e-con-full e-flex e-con e-parent\" data-id=\"3aaf05f\" data-element_type=\"container\" data-e-type=\"container\">\n\t\t<div class=\"elementor-element elementor-element-9801b4c e-con-full e-flex e-con e-parent\" data-id=\"9801b4c\" data-element_type=\"container\" data-e-type=\"container\">\n\t\t\t\t<div class=\"elementor-element elementor-element-e4871f1 elementor-widget elementor-widget-heading\" data-id=\"e4871f1\" data-element_type=\"widget\" data-e-type=\"widget\" data-widget_type=\"heading.default\">\n\t\t\t\t<div class=\"elementor-widget-container\">\n\t\t\t\t\t<h2 class=\"elementor-heading-title elementor-size-default\">\u0645\u0646 \u0646\u062d\u0646<\/h2>\t\t\t\t<\/div>\n\t\t\t\t<\/div>\n\t\t\t\t<div class=\"elementor-element elementor-element-daf1f85 elementor-widget elementor-widget-text-editor\" data-id=\"daf1f85\" data-element_type=\"widget\" data-e-type=\"widget\" data-widget_type=\"text-editor.default\">\n\t\t\t\t<div class=\"elementor-widget-container\">\n\t\t\t\t\t\t\t\t\t<p>\u0627\u0645\u0628\u0644 \u0628\u0627\u0631\u062a\u0633 \u0634\u0631\u0643\u0629 \u0645\u062a\u062e\u0635\u0635\u0629 \u0645\u0646\u0630 \u0623\u0643\u062b\u0631 \u0645\u0646 \u0639\u0634\u0631\u0648\u0646 \u0639\u0627\u0645\u0627 \u0641\u064a \u0627\u0644\u0633\u0648\u0642 \u0627\u0644\u062f\u0648\u0644\u064a\u0629<br \/>\u0644\u063a\u064a\u0627\u0631 \u0627\u0644\u0634\u0627\u062d\u0646\u0627\u062a \u0648\u0627\u0644\u0645\u0631\u0643\u0628\u0627\u062a \u0627\u0644\u062b\u0642\u064a\u0644\u0629,  \u0648\u062a\u0642\u062f\u0645 \u0645\u062c\u0645\u0648\u0639\u0629 \u0645\u062a\u0646\u0648\u0639\u0629 \u0645\u0646 \u0645\u0646\u062a\u062c\u0627\u062a \u0627\u0644\u0639\u0644\u0627\u0645\u0627\u062a \u0627\u0644\u062a\u062c\u0627\u0631\u064a\u0629.<br \/>\u0627\u0644\u0631\u0626\u064a\u0633\u064a\u0629 \u0648\u0627\u0644\u0639\u0627\u0644\u0645\u064a\u0629 \u0644\u0644\u0634\u0627\u062d\u0646\u0627\u062a \u0648\u0627\u0644\u062d\u0627\u0641\u0644\u0627\u062a \u0648\u0627\u0644\u0645\u0631\u0643\u0628\u0627\u062a \u0627\u0644\u062b\u0642\u064a\u0644\u0629 \u0645\u0646 \u062c\u0645\u064a\u0639 \u0623\u0646\u062d\u0627\u0621 \u0627\u0644\u0639\u0627\u0644\u0645<\/p>\t\t\t\t\t\t\t\t<\/div>\n\t\t\t\t<\/div>\n\t\t\t\t<\/div>\n\t\t<div class=\"elementor-element elementor-element-641058f e-con-full e-flex e-con e-parent\" data-id=\"641058f\" data-element_type=\"container\" data-e-type=\"container\">\n\t\t\t\t<div class=\"elementor-element elementor-element-0f5e077 elementor-arrows-position-inside elementor-pagination-position-outside elementor-widget elementor-widget-image-carousel\" data-id=\"0f5e077\" data-element_type=\"widget\" data-e-type=\"widget\" data-settings=\"{&quot;slides_to_show&quot;:&quot;1&quot;,&quot;effect&quot;:&quot;fade&quot;,&quot;navigation&quot;:&quot;both&quot;,&quot;autoplay&quot;:&quot;yes&quot;,&quot;pause_on_hover&quot;:&quot;yes&quot;,&quot;pause_on_interaction&quot;:&quot;yes&quot;,&quot;autoplay_speed&quot;:5000,&quot;infinite&quot;:&quot;yes&quot;,&quot;speed&quot;:500}\" data-widget_type=\"image-carousel.default\">\n\t\t\t\t<div class=\"elementor-widget-container\">\n\t\t\t\t\t\t\t<div class=\"elementor-image-carousel-wrapper swiper\" role=\"region\" aria-roledescription=\"carousel\" aria-label=\"Carrossel de imagens\" dir=\"ltr\">\n\t\t\t<div class=\"elementor-image-carousel swiper-wrapper\" aria-live=\"off\">\n\t\t\t\t\t\t\t\t<div class=\"swiper-slide\" role=\"group\" aria-roledescription=\"slide\" aria-label=\"1 de 3\"><figure class=\"swiper-slide-inner\"><img decoding=\"async\" class=\"swiper-slide-image\" src=\"https:\/\/www.ampelparts.com\/wp-content\/uploads\/2022\/07\/ampel-parts-caminhoes.jpg\" alt=\"ampel-parts-caminhoes\" \/><\/figure><\/div><div class=\"swiper-slide\" role=\"group\" aria-roledescription=\"slide\" aria-label=\"2 de 3\"><figure class=\"swiper-slide-inner\"><img decoding=\"async\" class=\"swiper-slide-image\" src=\"https:\/\/www.ampelparts.com\/wp-content\/uploads\/2022\/07\/scania-ampel-parts.jpg\" alt=\"scania-ampel-parts\" \/><\/figure><\/div><div class=\"swiper-slide\" role=\"group\" aria-roledescription=\"slide\" aria-label=\"3 de 3\"><figure class=\"swiper-slide-inner\"><img decoding=\"async\" class=\"swiper-slide-image\" src=\"https:\/\/www.ampelparts.com\/wp-content\/uploads\/2023\/01\/ampel-parts-caminhao-estrada.jpg\" alt=\"ampel-parts-caminhao-estrada\" \/><\/figure><\/div>\t\t\t<\/div>\n\t\t\t\t\t\t\t\t\t\t\t\t<div class=\"elementor-swiper-button elementor-swiper-button-prev\" role=\"button\" tabindex=\"0\">\n\t\t\t\t\t\t<i aria-hidden=\"true\" class=\"eicon-chevron-left\"><\/i>\t\t\t\t\t<\/div>\n\t\t\t\t\t<div class=\"elementor-swiper-button elementor-swiper-button-next\" role=\"button\" tabindex=\"0\">\n\t\t\t\t\t\t<i aria-hidden=\"true\" class=\"eicon-chevron-right\"><\/i>\t\t\t\t\t<\/div>\n\t\t\t\t\n\t\t\t\t\t\t\t\t\t<div class=\"swiper-pagination\"><\/div>\n\t\t\t\t\t\t\t\t\t<\/div>\n\t\t\t\t\t\t<\/div>\n\t\t\t\t<\/div>\n\t\t\t\t<\/div>\n\t\t<div class=\"elementor-element elementor-element-2216d4b e-con-full e-flex e-con e-parent\" data-id=\"2216d4b\" data-element_type=\"container\" data-e-type=\"container\">\n\t\t\t\t<div class=\"elementor-element elementor-element-ea00c5f elementor-widget elementor-widget-heading\" data-id=\"ea00c5f\" data-element_type=\"widget\" data-e-type=\"widget\" data-widget_type=\"heading.default\">\n\t\t\t\t<div class=\"elementor-widget-container\">\n\t\t\t\t\t<h2 class=\"elementor-heading-title elementor-size-default\">\u0646\u0635\u062f\u0631 \u0625\u0644\u0649 \u062c\u0645\u064a\u0639 \u0627\u0644\u0642\u0627\u0631\u0627\u062a \u0648\u0627\u0644\u0628\u0644\u062f\u0627\u0646 \u0648\u0646\u0628\u062d\u062b \u062f\u0627\u0626\u0645\u0627 \u0639\u0646 \u0623\u0641\u0636\u0644 \u0627\u0644\u062d\u0644\u0648\u0644<br \/>\u0644\u0639\u0645\u0644\u0643<\/h2>\t\t\t\t<\/div>\n\t\t\t\t<\/div>\n\t\t\t\t<div class=\"elementor-element elementor-element-111a362 elementor-align-center elementor-tablet-align-center elementor-invisible elementor-widget elementor-widget-button\" data-id=\"111a362\" data-element_type=\"widget\" data-e-type=\"widget\" data-settings=\"{&quot;_animation&quot;:&quot;fadeInUp&quot;}\" data-widget_type=\"button.default\">\n\t\t\t\t<div class=\"elementor-widget-container\">\n\t\t\t\t\t\t\t\t\t<div class=\"elementor-button-wrapper\">\n\t\t\t\t\t<a class=\"elementor-button elementor-button-link elementor-size-sm elementor-animation-float\" href=\"mailto:ampel@ampelparts.com\">\n\t\t\t\t\t\t<span class=\"elementor-button-content-wrapper\">\n\t\t\t\t\t\t\t\t\t<span class=\"elementor-button-text\">\u062a\u0648\u0627\u0635\u0644 \u0645\u0639\u0646\u0627<\/span>\n\t\t\t\t\t<\/span>\n\t\t\t\t\t<\/a>\n\t\t\t\t<\/div>\n\t\t\t\t\t\t\t\t<\/div>\n\t\t\t\t<\/div>\n\t\t\t\t<\/div>\n\t\t\t\t<\/div>\n\t\t\t\t<\/div>","protected":false},"excerpt":{"rendered":"<p>Quem somos A Ampel Parts \u00e9 uma empresa que atua h\u00e1 mais de 20 anos no mercado internacional de reposi\u00e7\u00e3o de pe\u00e7as automotivas para a linha pesada, oferecendo grande variedade de itens para as principais marcas de caminh\u00f5es, \u00f4nibus e implementos de todo o mundo. Anterior Pr\u00f3ximo Exportamos para todos os continentes e estamos sempre [&hellip;]<\/p>\n","protected":false},"author":1,"featured_media":0,"parent":0,"menu_order":0,"comment_status":"closed","ping_status":"closed","template":"elementor_header_footer","meta":{"_joinchat":[],"footnotes":""},"class_list":["post-69","page","type-page","status-publish","hentry"],"yoast_head":"<!-- This site is optimized with the Yoast SEO plugin v27.4 - https:\/\/yoast.com\/product\/yoast-seo-wordpress\/ -->\n<title>Sobre n\u00f3s - Ampel Parts<\/title>\n<meta name=\"description\" content=\"Quem somos... Exportamos para todos os continentes e estamos sempre em busca das melhores solu\u00e7\u00f5es para o seu neg\u00f3cio\" \/>\n<meta name=\"robots\" content=\"index, follow, max-snippet:-1, max-image-preview:large, max-video-preview:-1\" \/>\n<link rel=\"canonical\" href=\"http:\/\/www.ampelparts.com\/ar\/sobre-nos\/\" \/>\n<meta property=\"og:locale\" content=\"ar_AR\" \/>\n<meta property=\"og:type\" content=\"article\" \/>\n<meta property=\"og:title\" content=\"Sobre n\u00f3s - Ampel Parts\" \/>\n<meta property=\"og:description\" content=\"Quem somos... Exportamos para todos os continentes e estamos sempre em busca das melhores solu\u00e7\u00f5es para o seu neg\u00f3cio\" \/>\n<meta property=\"og:url\" content=\"http:\/\/www.ampelparts.com\/ar\/sobre-nos\/\" \/>\n<meta property=\"og:site_name\" content=\"Ampel Parts\" \/>\n<meta property=\"article:modified_time\" content=\"2023-02-10T23:02:48+00:00\" \/>\n<meta property=\"og:image\" content=\"https:\/\/www.ampelparts.com\/wp-content\/uploads\/2022\/07\/ampel-parts-caminhoes.jpg\" \/>\n<meta name=\"twitter:card\" content=\"summary_large_image\" \/>\n<meta name=\"twitter:label1\" content=\"\u0648\u0642\u062a \u0627\u0644\u0642\u0631\u0627\u0621\u0629 \u0627\u0644\u0645\u064f\u0642\u062f\u0651\u0631\" \/>\n\t<meta name=\"twitter:data1\" content=\"\u062f\u0642\u064a\u0642\u062a\u0627\u0646\" \/>\n<script type=\"application\/ld+json\" class=\"yoast-schema-graph\">{\"@context\":\"https:\\\/\\\/schema.org\",\"@graph\":[{\"@type\":\"WebPage\",\"@id\":\"http:\\\/\\\/www.ampelparts.com\\\/sobre-nos\\\/\",\"url\":\"http:\\\/\\\/www.ampelparts.com\\\/sobre-nos\\\/\",\"name\":\"Sobre n\u00f3s - Ampel Parts\",\"isPartOf\":{\"@id\":\"https:\\\/\\\/www.ampelparts.com\\\/#website\"},\"primaryImageOfPage\":{\"@id\":\"http:\\\/\\\/www.ampelparts.com\\\/sobre-nos\\\/#primaryimage\"},\"image\":{\"@id\":\"http:\\\/\\\/www.ampelparts.com\\\/sobre-nos\\\/#primaryimage\"},\"thumbnailUrl\":\"https:\\\/\\\/www.ampelparts.com\\\/wp-content\\\/uploads\\\/2022\\\/07\\\/ampel-parts-caminhoes.jpg\",\"datePublished\":\"2022-07-28T15:32:32+00:00\",\"dateModified\":\"2023-02-10T23:02:48+00:00\",\"description\":\"Quem somos... Exportamos para todos os continentes e estamos sempre em busca das melhores solu\u00e7\u00f5es para o seu neg\u00f3cio\",\"breadcrumb\":{\"@id\":\"http:\\\/\\\/www.ampelparts.com\\\/sobre-nos\\\/#breadcrumb\"},\"inLanguage\":\"ar\",\"potentialAction\":[{\"@type\":\"ReadAction\",\"target\":[\"http:\\\/\\\/www.ampelparts.com\\\/sobre-nos\\\/\"]}]},{\"@type\":\"ImageObject\",\"inLanguage\":\"ar\",\"@id\":\"http:\\\/\\\/www.ampelparts.com\\\/sobre-nos\\\/#primaryimage\",\"url\":\"https:\\\/\\\/www.ampelparts.com\\\/wp-content\\\/uploads\\\/2022\\\/07\\\/ampel-parts-caminhoes.jpg\",\"contentUrl\":\"https:\\\/\\\/www.ampelparts.com\\\/wp-content\\\/uploads\\\/2022\\\/07\\\/ampel-parts-caminhoes.jpg\"},{\"@type\":\"BreadcrumbList\",\"@id\":\"http:\\\/\\\/www.ampelparts.com\\\/sobre-nos\\\/#breadcrumb\",\"itemListElement\":[{\"@type\":\"ListItem\",\"position\":1,\"name\":\"In\u00edcio\",\"item\":\"http:\\\/\\\/www.ampelparts.com\\\/\"},{\"@type\":\"ListItem\",\"position\":2,\"name\":\"Sobre n\u00f3s\"}]},{\"@type\":\"WebSite\",\"@id\":\"https:\\\/\\\/www.ampelparts.com\\\/#website\",\"url\":\"https:\\\/\\\/www.ampelparts.com\\\/\",\"name\":\"Ampel Parts\",\"description\":\"Com\u00e9rcio Exterior Ltda\",\"potentialAction\":[{\"@type\":\"SearchAction\",\"target\":{\"@type\":\"EntryPoint\",\"urlTemplate\":\"https:\\\/\\\/www.ampelparts.com\\\/?s={search_term_string}\"},\"query-input\":{\"@type\":\"PropertyValueSpecification\",\"valueRequired\":true,\"valueName\":\"search_term_string\"}}],\"inLanguage\":\"ar\"}]}<\/script>\n<!-- \/ Yoast SEO plugin. -->","yoast_head_json":{"title":"Sobre n\u00f3s - Ampel Parts","description":"Quem somos... Exportamos para todos os continentes e estamos sempre em busca das melhores solu\u00e7\u00f5es para o seu neg\u00f3cio","robots":{"index":"index","follow":"follow","max-snippet":"max-snippet:-1","max-image-preview":"max-image-preview:large","max-video-preview":"max-video-preview:-1"},"canonical":"http:\/\/www.ampelparts.com\/ar\/sobre-nos\/","og_locale":"ar_AR","og_type":"article","og_title":"Sobre n\u00f3s - Ampel Parts","og_description":"Quem somos... Exportamos para todos os continentes e estamos sempre em busca das melhores solu\u00e7\u00f5es para o seu neg\u00f3cio","og_url":"http:\/\/www.ampelparts.com\/ar\/sobre-nos\/","og_site_name":"Ampel Parts","article_modified_time":"2023-02-10T23:02:48+00:00","og_image":[{"url":"https:\/\/www.ampelparts.com\/wp-content\/uploads\/2022\/07\/ampel-parts-caminhoes.jpg","type":"","width":"","height":""}],"twitter_card":"summary_large_image","twitter_misc":{"\u0648\u0642\u062a \u0627\u0644\u0642\u0631\u0627\u0621\u0629 \u0627\u0644\u0645\u064f\u0642\u062f\u0651\u0631":"\u062f\u0642\u064a\u0642\u062a\u0627\u0646"},"schema":{"@context":"https:\/\/schema.org","@graph":[{"@type":"WebPage","@id":"http:\/\/www.ampelparts.com\/sobre-nos\/","url":"http:\/\/www.ampelparts.com\/sobre-nos\/","name":"Sobre n\u00f3s - Ampel Parts","isPartOf":{"@id":"https:\/\/www.ampelparts.com\/#website"},"primaryImageOfPage":{"@id":"http:\/\/www.ampelparts.com\/sobre-nos\/#primaryimage"},"image":{"@id":"http:\/\/www.ampelparts.com\/sobre-nos\/#primaryimage"},"thumbnailUrl":"https:\/\/www.ampelparts.com\/wp-content\/uploads\/2022\/07\/ampel-parts-caminhoes.jpg","datePublished":"2022-07-28T15:32:32+00:00","dateModified":"2023-02-10T23:02:48+00:00","description":"Quem somos... Exportamos para todos os continentes e estamos sempre em busca das melhores solu\u00e7\u00f5es para o seu neg\u00f3cio","breadcrumb":{"@id":"http:\/\/www.ampelparts.com\/sobre-nos\/#breadcrumb"},"inLanguage":"ar","potentialAction":[{"@type":"ReadAction","target":["http:\/\/www.ampelparts.com\/sobre-nos\/"]}]},{"@type":"ImageObject","inLanguage":"ar","@id":"http:\/\/www.ampelparts.com\/sobre-nos\/#primaryimage","url":"https:\/\/www.ampelparts.com\/wp-content\/uploads\/2022\/07\/ampel-parts-caminhoes.jpg","contentUrl":"https:\/\/www.ampelparts.com\/wp-content\/uploads\/2022\/07\/ampel-parts-caminhoes.jpg"},{"@type":"BreadcrumbList","@id":"http:\/\/www.ampelparts.com\/sobre-nos\/#breadcrumb","itemListElement":[{"@type":"ListItem","position":1,"name":"In\u00edcio","item":"http:\/\/www.ampelparts.com\/"},{"@type":"ListItem","position":2,"name":"Sobre n\u00f3s"}]},{"@type":"WebSite","@id":"https:\/\/www.ampelparts.com\/#website","url":"https:\/\/www.ampelparts.com\/","name":"Ampel Parts","description":"Com\u00e9rcio Exterior Ltda","potentialAction":[{"@type":"SearchAction","target":{"@type":"EntryPoint","urlTemplate":"https:\/\/www.ampelparts.com\/?s={search_term_string}"},"query-input":{"@type":"PropertyValueSpecification","valueRequired":true,"valueName":"search_term_string"}}],"inLanguage":"ar"}]}},"_links":{"self":[{"href":"https:\/\/www.ampelparts.com\/ar\/wp-json\/wp\/v2\/pages\/69","targetHints":{"allow":["GET"]}}],"collection":[{"href":"https:\/\/www.ampelparts.com\/ar\/wp-json\/wp\/v2\/pages"}],"about":[{"href":"https:\/\/www.ampelparts.com\/ar\/wp-json\/wp\/v2\/types\/page"}],"author":[{"embeddable":true,"href":"https:\/\/www.ampelparts.com\/ar\/wp-json\/wp\/v2\/users\/1"}],"replies":[{"embeddable":true,"href":"https:\/\/www.ampelparts.com\/ar\/wp-json\/wp\/v2\/comments?post=69"}],"version-history":[{"count":0,"href":"https:\/\/www.ampelparts.com\/ar\/wp-json\/wp\/v2\/pages\/69\/revisions"}],"wp:attachment":[{"href":"https:\/\/www.ampelparts.com\/ar\/wp-json\/wp\/v2\/media?parent=69"}],"curies":[{"name":"wp","href":"https:\/\/api.w.org\/{rel}","templated":true}]}}